{"id":8564,"date":"2026-04-30T13:49:12","date_gmt":"2026-04-30T16:49:12","guid":{"rendered":"https:\/\/seguridadsrl.com\/v2\/producto\/filtro-ergonic-pf410c-p3-r-pancake\/"},"modified":"2026-04-30T13:49:12","modified_gmt":"2026-04-30T16:49:12","slug":"filtro-ergonic-pf410c-p3-r-pancake","status":"publish","type":"product","link":"https:\/\/seguridadsrl.com\/v2\/producto\/filtro-ergonic-pf410c-p3-r-pancake\/","title":{"rendered":"FILTRO ERGONIC PF410C P3 R (PANCAKE)"},"content":{"rendered":"<p>El filtro ERGONIC PF410C P3 R protege al usuario de part\u00edculas y cuenta con carb\u00f3n activado. P3 corresponde a protecci\u00f3n contra aerosoles s\u00f3lidos<\/p>\n<p>y\/o l\u00edquidos indicados como t\u00f3xicos. Este filtro es compatible con los respiradores ERGONIC de medio rostro 100 y 200S, y de rostro completo 1000S. Certificacion EN143:2000+A1:2006 \u2013 EU 2016\/145 \u2013 CE 0082.<\/p>\n","protected":false},"excerpt":{"rendered":"<p>El filtro ERGONIC PF410C P3 R protege al usuario de part\u00edculas y cuenta con carb\u00f3n activado. P3 corresponde a protecci\u00f3n contra aerosoles s\u00f3lidos y\/o l\u00edquidos indicados como t\u00f3xicos. Este filtro es compatible con los respiradores ERGONIC de medio rostro 100 y 200S, y de rostro completo 1000S. Certificacion EN143:2000+A1:2006 \u2013 EU 2016\/145 \u2013 CE 0082.<\/p>\n","protected":false},"featured_media":8565,"template":"","meta":{"_joinchat":[]},"product_brand":[1008],"product_cat":[918,913],"product_tag":[],"class_list":{"0":"post-8564","1":"product","2":"type-product","3":"status-publish","4":"has-post-thumbnail","6":"product_brand-steelpro","7":"product_cat-proteccion-respiratoria-filtros","8":"product_cat-proteccion-respiratoria","10":"first","11":"instock","12":"shipping-taxable","13":"product-type-simple"},"_links":{"self":[{"href":"https:\/\/seguridadsrl.com\/v2\/wp-json\/wp\/v2\/product\/8564","targetHints":{"allow":["GET"]}}],"collection":[{"href":"https:\/\/seguridadsrl.com\/v2\/wp-json\/wp\/v2\/product"}],"about":[{"href":"https:\/\/seguridadsrl.com\/v2\/wp-json\/wp\/v2\/types\/product"}],"wp:featuredmedia":[{"embeddable":true,"href":"https:\/\/seguridadsrl.com\/v2\/wp-json\/wp\/v2\/media\/8565"}],"wp:attachment":[{"href":"https:\/\/seguridadsrl.com\/v2\/wp-json\/wp\/v2\/media?parent=8564"}],"wp:term":[{"taxonomy":"product_brand","embeddable":true,"href":"https:\/\/seguridadsrl.com\/v2\/wp-json\/wp\/v2\/product_brand?post=8564"},{"taxonomy":"product_cat","embeddable":true,"href":"https:\/\/seguridadsrl.com\/v2\/wp-json\/wp\/v2\/product_cat?post=8564"},{"taxonomy":"product_tag","embeddable":true,"href":"https:\/\/seguridadsrl.com\/v2\/wp-json\/wp\/v2\/product_tag?post=8564"}],"curies":[{"name":"wp","href":"https:\/\/api.w.org\/{rel}","templated":true}]}}