{"id":8546,"date":"2026-04-30T13:48:47","date_gmt":"2026-04-30T16:48:47","guid":{"rendered":"https:\/\/seguridadsrl.com\/v2\/producto\/guantes-nitrilo-amarillo-bano-completo-p-elast\/"},"modified":"2026-04-30T13:48:47","modified_gmt":"2026-04-30T16:48:47","slug":"guantes-nitrilo-amarillo-bano-completo-p-elast","status":"publish","type":"product","link":"https:\/\/seguridadsrl.com\/v2\/producto\/guantes-nitrilo-amarillo-bano-completo-p-elast\/","title":{"rendered":"Guantes Nitrilo Amarillo Ba\u00f1o Completo. P\/Elast."},"content":{"rendered":"<div class=\"producto-target col\">\n<h3 class=\"producto-target-title\">Especificaciones<\/h3>\n<p>C\u00f3digo: 07-L-25<br \/>Material: Nitrilo Liviano<br \/>Color: Amarillo<br \/>Medida: 25cm<br \/>Talles: 9(L) \/ 10(XL)<\/div>\n<div class=\"producto-target col\">\n<h3 class=\"producto-target-title\">Desempe\u00f1o<\/h3>\n<p>Normas Europeas CE:<br \/>EN388 Riesgos Mec\u00e1nicos:<\/p>\n<p>Abrasi\u00f3n 3 (0-4)<br \/>Corte 1 (0-5)<br \/>Desgarro 1 (0-4)<br \/>Perforaci\u00f3n 1 (0-4)<\/p>\n<p>\u201cLos niveles de protecci\u00f3n corresponden a la palma de la mano\u201d<\/p><\/div>\n<div class=\"producto-target col\">\u00a0<\/div>\n","protected":false},"excerpt":{"rendered":"<p>Especificaciones C\u00f3digo: 07-L-25Material: Nitrilo LivianoColor: AmarilloMedida: 25cmTalles: 9(L) \/ 10(XL) Desempe\u00f1o Normas Europeas CE:EN388 Riesgos Mec\u00e1nicos: Abrasi\u00f3n 3 (0-4)Corte 1 (0-5)Desgarro 1 (0-4)Perforaci\u00f3n 1 (0-4) \u201cLos niveles de protecci\u00f3n corresponden a la palma de la mano\u201d \u00a0<\/p>\n","protected":false},"featured_media":8547,"template":"","meta":{"_joinchat":[]},"product_brand":[1001],"product_cat":[888,895],"product_tag":[],"class_list":{"0":"post-8546","1":"product","2":"type-product","3":"status-publish","4":"has-post-thumbnail","6":"product_brand-bil-vex","7":"product_cat-guantes","8":"product_cat-guantes-nitrilo","10":"first","11":"instock","12":"shipping-taxable","13":"product-type-simple"},"_links":{"self":[{"href":"https:\/\/seguridadsrl.com\/v2\/wp-json\/wp\/v2\/product\/8546","targetHints":{"allow":["GET"]}}],"collection":[{"href":"https:\/\/seguridadsrl.com\/v2\/wp-json\/wp\/v2\/product"}],"about":[{"href":"https:\/\/seguridadsrl.com\/v2\/wp-json\/wp\/v2\/types\/product"}],"wp:featuredmedia":[{"embeddable":true,"href":"https:\/\/seguridadsrl.com\/v2\/wp-json\/wp\/v2\/media\/8547"}],"wp:attachment":[{"href":"https:\/\/seguridadsrl.com\/v2\/wp-json\/wp\/v2\/media?parent=8546"}],"wp:term":[{"taxonomy":"product_brand","embeddable":true,"href":"https:\/\/seguridadsrl.com\/v2\/wp-json\/wp\/v2\/product_brand?post=8546"},{"taxonomy":"product_cat","embeddable":true,"href":"https:\/\/seguridadsrl.com\/v2\/wp-json\/wp\/v2\/product_cat?post=8546"},{"taxonomy":"product_tag","embeddable":true,"href":"https:\/\/seguridadsrl.com\/v2\/wp-json\/wp\/v2\/product_tag?post=8546"}],"curies":[{"name":"wp","href":"https:\/\/api.w.org\/{rel}","templated":true}]}}