{"id":8528,"date":"2026-04-30T13:48:18","date_gmt":"2026-04-30T16:48:18","guid":{"rendered":"https:\/\/seguridadsrl.com\/v2\/producto\/traje-de-lluvia-impermeable-premium\/"},"modified":"2026-04-30T13:48:18","modified_gmt":"2026-04-30T16:48:18","slug":"traje-de-lluvia-impermeable-premium","status":"publish","type":"product","link":"https:\/\/seguridadsrl.com\/v2\/producto\/traje-de-lluvia-impermeable-premium\/","title":{"rendered":"TRAJE DE LLUVIA  IMPERMEABLE PREMIUM"},"content":{"rendered":"<div class=\"col-md-12 col-12\">\n<h5>Descripci\u00f3n del producto<\/h5>\n<p><\/p>\n<div class=\"desc\">\n<p><strong><span style=\"font-family: Calibri;\">Confeccionado en poli\u00e9ster 100% impermeable<br \/>Capucha incorporada<\/span><\/strong><\/p>\n<p><strong><span style=\"font-family: Calibri;\">Bolsillos.<br \/><span data-mce-mark=\"1\">Presentaci\u00f3n en pr\u00e1ctico bolsito para facilitar su transporte<\/span>.<\/span><\/strong><\/p>\n<\/div>\n<\/div>\n<div id=\"prod-rel\" class=\"container\">\n<div class=\"row\">\n<div class=\"col-md-12\">\n<h5 class=\"title-sol style2 soltop\">\u00a0<\/h5>\n<\/div>\n<\/div>\n<\/div>\n","protected":false},"excerpt":{"rendered":"<p>Descripci\u00f3n del producto Confeccionado en poli\u00e9ster 100% impermeableCapucha incorporada Bolsillos.Presentaci\u00f3n en pr\u00e1ctico bolsito para facilitar su transporte. \u00a0<\/p>\n","protected":false},"featured_media":8529,"template":"","meta":{"_joinchat":[]},"product_brand":[1001],"product_cat":[947,953],"product_tag":[],"class_list":{"0":"post-8528","1":"product","2":"type-product","3":"status-publish","4":"has-post-thumbnail","6":"product_brand-bil-vex","7":"product_cat-indumentaria","8":"product_cat-indumentaria-traje-de-lluvia","10":"first","11":"instock","12":"shipping-taxable","13":"product-type-simple"},"_links":{"self":[{"href":"https:\/\/seguridadsrl.com\/v2\/wp-json\/wp\/v2\/product\/8528","targetHints":{"allow":["GET"]}}],"collection":[{"href":"https:\/\/seguridadsrl.com\/v2\/wp-json\/wp\/v2\/product"}],"about":[{"href":"https:\/\/seguridadsrl.com\/v2\/wp-json\/wp\/v2\/types\/product"}],"wp:featuredmedia":[{"embeddable":true,"href":"https:\/\/seguridadsrl.com\/v2\/wp-json\/wp\/v2\/media\/8529"}],"wp:attachment":[{"href":"https:\/\/seguridadsrl.com\/v2\/wp-json\/wp\/v2\/media?parent=8528"}],"wp:term":[{"taxonomy":"product_brand","embeddable":true,"href":"https:\/\/seguridadsrl.com\/v2\/wp-json\/wp\/v2\/product_brand?post=8528"},{"taxonomy":"product_cat","embeddable":true,"href":"https:\/\/seguridadsrl.com\/v2\/wp-json\/wp\/v2\/product_cat?post=8528"},{"taxonomy":"product_tag","embeddable":true,"href":"https:\/\/seguridadsrl.com\/v2\/wp-json\/wp\/v2\/product_tag?post=8528"}],"curies":[{"name":"wp","href":"https:\/\/api.w.org\/{rel}","templated":true}]}}