{"id":8510,"date":"2026-04-30T13:35:27","date_gmt":"2026-04-30T16:35:27","guid":{"rendered":"https:\/\/seguridadsrl.com\/v2\/producto\/gabinete-para-manga-445mm-con-puerta-con-llave\/"},"modified":"2026-04-30T13:48:02","modified_gmt":"2026-04-30T16:48:02","slug":"gabinete-para-manga-445mm-con-puerta-con-llave","status":"publish","type":"product","link":"https:\/\/seguridadsrl.com\/v2\/producto\/gabinete-para-manga-445mm-con-puerta-con-llave\/","title":{"rendered":"GABINETE PARA MANGA 44,5mm. CON PUERTA CON LLAVE"},"content":{"rendered":"<p>Gabinete para uso interior, apto para mangueras 44,5mm. hasta 20mts. de longitud.<br \/>Cerradura tipo gas y apertura mano derecha con bisagras tipo taller.<br \/>Terminaci\u00f3n de pintura en polvo termoconvertible poli\u00e9ster rojo bermell\u00f3n.<br \/>Medidas: 500x400x160mm.<\/p>\n","protected":false},"excerpt":{"rendered":"<p>Gabinete para uso interior, apto para mangueras 44,5mm. hasta 20mts. de longitud.Cerradura tipo gas y apertura mano derecha con bisagras tipo taller.Terminaci\u00f3n de pintura en polvo termoconvertible poli\u00e9ster rojo bermell\u00f3n.Medidas: 500x400x160mm.<\/p>\n","protected":false},"featured_media":8511,"template":"","meta":{"_joinchat":[]},"product_brand":[995],"product_cat":[1021,977],"product_tag":[],"class_list":{"0":"post-8510","1":"product","2":"type-product","3":"status-publish","4":"has-post-thumbnail","6":"product_brand-3m","7":"product_cat-incendio-gabinetes","8":"product_cat-incendio","10":"first","11":"instock","12":"shipping-taxable","13":"product-type-simple"},"_links":{"self":[{"href":"https:\/\/seguridadsrl.com\/v2\/wp-json\/wp\/v2\/product\/8510","targetHints":{"allow":["GET"]}}],"collection":[{"href":"https:\/\/seguridadsrl.com\/v2\/wp-json\/wp\/v2\/product"}],"about":[{"href":"https:\/\/seguridadsrl.com\/v2\/wp-json\/wp\/v2\/types\/product"}],"wp:featuredmedia":[{"embeddable":true,"href":"https:\/\/seguridadsrl.com\/v2\/wp-json\/wp\/v2\/media\/8511"}],"wp:attachment":[{"href":"https:\/\/seguridadsrl.com\/v2\/wp-json\/wp\/v2\/media?parent=8510"}],"wp:term":[{"taxonomy":"product_brand","embeddable":true,"href":"https:\/\/seguridadsrl.com\/v2\/wp-json\/wp\/v2\/product_brand?post=8510"},{"taxonomy":"product_cat","embeddable":true,"href":"https:\/\/seguridadsrl.com\/v2\/wp-json\/wp\/v2\/product_cat?post=8510"},{"taxonomy":"product_tag","embeddable":true,"href":"https:\/\/seguridadsrl.com\/v2\/wp-json\/wp\/v2\/product_tag?post=8510"}],"curies":[{"name":"wp","href":"https:\/\/api.w.org\/{rel}","templated":true}]}}