{"id":8343,"date":"2026-04-30T13:32:56","date_gmt":"2026-04-30T16:32:56","guid":{"rendered":"https:\/\/seguridadsrl.com\/v2\/producto\/respirador-3m-8577\/"},"modified":"2026-04-30T13:47:06","modified_gmt":"2026-04-30T16:47:06","slug":"respirador-3m-8577","status":"publish","type":"product","link":"https:\/\/seguridadsrl.com\/v2\/producto\/respirador-3m-8577\/","title":{"rendered":"Respirador 3M 8577"},"content":{"rendered":"<div class=\"descrip_productos\">Est\u00e1 dise\u00f1ado para brindarle al trabajador una protecci\u00f3n c\u00f3moda y confiable contra ciertas part\u00edculas oleosas y no-oleosas, incluyendo aqu\u00e9llas que est\u00e1n presentes en niveles molestos* de vapores org\u00e1nicos, tales como solventes, desengrasantes y resinas. Una excelente alternativa para lugares de trabajo relacionados con calor, humedad y prolongados per\u00edodos de uso. Las aplicaciones sugeridas incluyen fundici\u00f3n, pruebas de laboratorios, agricultura, manufactura petroqu\u00edmica y trabajos de pintura de primera mano. Presenta la V\u00e1lvula de Exhalaci\u00f3n Cool Flow para una comodidad fresca y seca y un clip en forma de \u201cM\u201d para el ajuste a la nariz, que brindan un ajuste a medida y un sellado seguro.<\/div>\n","protected":false},"excerpt":{"rendered":"<p>Est\u00e1 dise\u00f1ado para brindarle al trabajador una protecci\u00f3n c\u00f3moda y confiable contra ciertas part\u00edculas oleosas y no-oleosas, incluyendo aqu\u00e9llas que est\u00e1n presentes en niveles molestos* de vapores org\u00e1nicos, tales como solventes, desengrasantes y resinas. Una excelente alternativa para lugares de trabajo relacionados con calor, humedad y prolongados per\u00edodos de uso. Las aplicaciones sugeridas incluyen fundici\u00f3n, [&hellip;]<\/p>\n","protected":false},"featured_media":8344,"template":"","meta":{"_joinchat":[]},"product_brand":[995],"product_cat":[914,913],"product_tag":[],"class_list":{"0":"post-8343","1":"product","2":"type-product","3":"status-publish","4":"has-post-thumbnail","6":"product_brand-3m","7":"product_cat-proteccion-respiratoria-descartables","8":"product_cat-proteccion-respiratoria","10":"first","11":"instock","12":"shipping-taxable","13":"product-type-simple"},"_links":{"self":[{"href":"https:\/\/seguridadsrl.com\/v2\/wp-json\/wp\/v2\/product\/8343","targetHints":{"allow":["GET"]}}],"collection":[{"href":"https:\/\/seguridadsrl.com\/v2\/wp-json\/wp\/v2\/product"}],"about":[{"href":"https:\/\/seguridadsrl.com\/v2\/wp-json\/wp\/v2\/types\/product"}],"wp:featuredmedia":[{"embeddable":true,"href":"https:\/\/seguridadsrl.com\/v2\/wp-json\/wp\/v2\/media\/8344"}],"wp:attachment":[{"href":"https:\/\/seguridadsrl.com\/v2\/wp-json\/wp\/v2\/media?parent=8343"}],"wp:term":[{"taxonomy":"product_brand","embeddable":true,"href":"https:\/\/seguridadsrl.com\/v2\/wp-json\/wp\/v2\/product_brand?post=8343"},{"taxonomy":"product_cat","embeddable":true,"href":"https:\/\/seguridadsrl.com\/v2\/wp-json\/wp\/v2\/product_cat?post=8343"},{"taxonomy":"product_tag","embeddable":true,"href":"https:\/\/seguridadsrl.com\/v2\/wp-json\/wp\/v2\/product_tag?post=8343"}],"curies":[{"name":"wp","href":"https:\/\/api.w.org\/{rel}","templated":true}]}}