{"id":8315,"date":"2026-04-30T13:32:39","date_gmt":"2026-04-30T16:32:39","guid":{"rendered":"https:\/\/seguridadsrl.com\/v2\/producto\/anteojo-3m-maxim-incoloro-2\/"},"modified":"2026-04-30T13:47:01","modified_gmt":"2026-04-30T16:47:01","slug":"anteojo-3m-maxim-incoloro-2","status":"publish","type":"product","link":"https:\/\/seguridadsrl.com\/v2\/producto\/anteojo-3m-maxim-incoloro-2\/","title":{"rendered":"Anteojo 3M MAXIM Incoloro."},"content":{"rendered":"<div class=\"descrip_productos\">\n<p><strong>Nuevas lentes de seguridad Maxim<\/strong> \u2013 mejoradas para un rendimiento \u00f3ptimo. Todas sus caracter\u00edsticas son una ventaja. 3M AOSafety\u00ae modific\u00f3 las extraordinarias propiedades de dise\u00f1o, protecci\u00f3n y confort convencionales de los lentes de seguridad MAXIM para hacerlos m\u00e1s amplias, grandes y mejores que nunca. <strong>Las nuevas MAXIM lo tienen todo, tan avanzados que no solo mejoran el nivel de tecnologia en lentes de seguridad, lo superan <\/strong>ampliamente<\/p>\n<ul>\n<li>\u00a0Barra acolchada, de doble inyecci\u00f3n, para confort y protecci\u00f3n <\/li>\n<li>\u00a0Ajuste pantasc\u00f3pico mejorado del \u00e1ngulo de lente <\/li>\n<li>Nuevo puente blando reversible para adaptar a diversos perfiles nasales <\/li>\n<li>Lentes de doble esfera patentadas, para recetas m\u00e9dicas de calidad y visi\u00f3n sin distorsiones <\/li>\n<li>Cumplen con las normas ANSI Z87.1-2003 y CSA Z94.3 <\/li>\n<\/ul>\n<\/div>\n","protected":false},"excerpt":{"rendered":"<p>Nuevas lentes de seguridad Maxim \u2013 mejoradas para un rendimiento \u00f3ptimo. Todas sus caracter\u00edsticas son una ventaja. 3M AOSafety\u00ae modific\u00f3 las extraordinarias propiedades de dise\u00f1o, protecci\u00f3n y confort convencionales de los lentes de seguridad MAXIM para hacerlos m\u00e1s amplias, grandes y mejores que nunca. Las nuevas MAXIM lo tienen todo, tan avanzados que no solo [&hellip;]<\/p>\n","protected":false},"featured_media":8316,"template":"","meta":{"_joinchat":[]},"product_brand":[995],"product_cat":[932,931],"product_tag":[],"class_list":{"0":"post-8315","1":"product","2":"type-product","3":"status-publish","4":"has-post-thumbnail","6":"product_brand-3m","7":"product_cat-proteccion-ocular-anteojos","8":"product_cat-proteccion-ocular","10":"first","11":"instock","12":"shipping-taxable","13":"product-type-simple"},"_links":{"self":[{"href":"https:\/\/seguridadsrl.com\/v2\/wp-json\/wp\/v2\/product\/8315","targetHints":{"allow":["GET"]}}],"collection":[{"href":"https:\/\/seguridadsrl.com\/v2\/wp-json\/wp\/v2\/product"}],"about":[{"href":"https:\/\/seguridadsrl.com\/v2\/wp-json\/wp\/v2\/types\/product"}],"wp:featuredmedia":[{"embeddable":true,"href":"https:\/\/seguridadsrl.com\/v2\/wp-json\/wp\/v2\/media\/8316"}],"wp:attachment":[{"href":"https:\/\/seguridadsrl.com\/v2\/wp-json\/wp\/v2\/media?parent=8315"}],"wp:term":[{"taxonomy":"product_brand","embeddable":true,"href":"https:\/\/seguridadsrl.com\/v2\/wp-json\/wp\/v2\/product_brand?post=8315"},{"taxonomy":"product_cat","embeddable":true,"href":"https:\/\/seguridadsrl.com\/v2\/wp-json\/wp\/v2\/product_cat?post=8315"},{"taxonomy":"product_tag","embeddable":true,"href":"https:\/\/seguridadsrl.com\/v2\/wp-json\/wp\/v2\/product_tag?post=8315"}],"curies":[{"name":"wp","href":"https:\/\/api.w.org\/{rel}","templated":true}]}}