{"id":8275,"date":"2026-04-30T13:32:09","date_gmt":"2026-04-30T16:32:09","guid":{"rendered":"https:\/\/seguridadsrl.com\/v2\/producto\/botiquin-no-210\/"},"modified":"2026-04-30T13:46:51","modified_gmt":"2026-04-30T16:46:51","slug":"botiquin-no-210","status":"publish","type":"product","link":"https:\/\/seguridadsrl.com\/v2\/producto\/botiquin-no-210\/","title":{"rendered":"Botiqu\u00edn N\u00ba 210"},"content":{"rendered":"<p class=\"MsoNormal\" style=\"margin: 0cm 0cm 0pt;\"><span style=\"font-family: Times New Roman;\"><strong style=\"mso-bidi-font-weight: normal;\"><span style=\"text-decoration: underline;\"><span lang=\"EN-US\" style=\"font-size: 14pt; mso-bidi-font-size: 10.0pt; mso-ansi-language: EN-US;\">PRACTY-BOTIQU\u00cdN N\u00ba 210-211-212-216-218-219-220<\/span><\/span><\/strong><\/span><\/p>\n<p class=\"MsoNormal\" style=\"margin: 0cm 0cm 0pt;\"><span lang=\"ES-AR\" style=\"font-size: 12pt; mso-bidi-font-size: 10.0pt;\"><span style=\"font-family: Times New Roman;\">20 Ap\u00f3sitos protector adhesivo.<\/span><\/span><\/p>\n<p class=\"MsoNormal\" style=\"margin: 0cm 0cm 0pt;\"><span lang=\"ES-AR\" style=\"font-size: 12pt; mso-bidi-font-size: 10.0pt;\"><span style=\"font-family: Times New Roman;\">1<span style=\"mso-spacerun: yes;\"> <\/span>Blister de aspirinas 0.50 x 10 unidades.<\/span><\/span><\/p>\n<p class=\"MsoNormal\" style=\"margin: 0cm 0cm 0pt;\"><span lang=\"ES-AR\" style=\"font-size: 12pt; mso-bidi-font-size: 10.0pt;\"><span style=\"font-family: Times New Roman;\">1<span style=\"mso-spacerun: yes;\"> <\/span>Blister de carb\u00f3n 0.50. x 10 unidades.<\/span><\/span><\/p>\n<p class=\"MsoNormal\" style=\"margin: 0cm 0cm 0pt;\"><span lang=\"ES-AR\" style=\"font-size: 12pt; mso-bidi-font-size: 10.0pt;\"><span style=\"font-family: Times New Roman;\">1 Caja de gasa hidr\u00f3filo esterilizada en sobre N\u00ba5.<\/span><\/span><\/p>\n<p class=\"MsoNormal\" style=\"margin: 0cm 0cm 0pt;\"><span lang=\"ES-AR\" style=\"font-size: 12pt; mso-bidi-font-size: 10.0pt;\"><span style=\"font-family: Times New Roman;\">1 Copita lavaojos.<\/span><\/span><\/p>\n<p class=\"MsoNormal\" style=\"margin: 0cm 0cm 0pt;\"><span lang=\"ES-AR\" style=\"font-size: 12pt; mso-bidi-font-size: 10.0pt;\"><span style=\"font-family: Times New Roman;\">1 Espejo de 14cm x 8cm.<\/span><\/span><\/p>\n<p class=\"MsoNormal\" style=\"margin: 0cm 0cm 0pt;\"><span lang=\"ES-AR\" style=\"font-size: 12pt; mso-bidi-font-size: 10.0pt;\"><span style=\"font-family: Times New Roman;\">1 Fco agua oxigenada 10 vol. x 500cc. uso externo.<\/span><\/span><\/p>\n<p class=\"MsoNormal\" style=\"margin: 0cm 0cm 0pt;\"><span lang=\"ES-AR\" style=\"font-size: 12pt; mso-bidi-font-size: 10.0pt;\"><span style=\"font-family: Times New Roman;\">1 Fco de sol paraquemaduras<span style=\"mso-spacerun: yes;\"> <\/span>x 100cc. uso externo.<\/span><\/span><\/p>\n<p class=\"MsoNormal\" style=\"margin: 0cm 0cm 0pt;\"><span lang=\"ES-AR\" style=\"font-size: 12pt; mso-bidi-font-size: 10.0pt;\"><span style=\"font-family: Times New Roman;\">1 Fco de alcohol x 500cc uso externo.<\/span><\/span><\/p>\n<p class=\"MsoNormal\" style=\"margin: 0cm 0cm 0pt;\"><span lang=\"ES-AR\" style=\"font-size: 12pt; mso-bidi-font-size: 10.0pt;\"><span style=\"font-family: Times New Roman;\">1 Fco soluci\u00f3n Metorgan antis\u00e9ptico x 100cc. uso externo.<\/span><\/span><\/p>\n<p class=\"MsoNormal\" style=\"margin: 0cm 0cm 0pt;\"><span lang=\"ES-AR\" style=\"font-size: 12pt; mso-bidi-font-size: 10.0pt;\"><span style=\"font-family: Times New Roman;\">1 Jeringa descartable x 5cc con aguja.<\/span><\/span><\/p>\n<p class=\"MsoNormal\" style=\"margin: 0cm 0cm 0pt;\"><span lang=\"ES-AR\" style=\"font-size: 12pt; mso-bidi-font-size: 10.0pt;\"><span style=\"font-family: Times New Roman;\">1 Paquete de algod\u00f3n hidr\u00f3filo x 75grs.<\/span><\/span><\/p>\n<p class=\"MsoNormal\" style=\"margin: 0cm 0cm 0pt;\"><span lang=\"ES-AR\" style=\"font-size: 12pt; mso-bidi-font-size: 10.0pt;\"><span style=\"font-family: Times New Roman;\">1 Pares de guantes de l\u00e1tex<span style=\"mso-spacerun: yes;\"> <\/span>descartables.<\/span><\/span><\/p>\n<p class=\"MsoNormal\" style=\"margin: 0cm 0cm 0pt;\"><span lang=\"ES-AR\" style=\"font-size: 12pt; mso-bidi-font-size: 10.0pt;\"><span style=\"font-family: Times New Roman;\">1 Pinza para sacar astillas.<\/span><\/span><\/p>\n<p class=\"MsoNormal\" style=\"margin: 0cm 0cm 0pt;\"><span lang=\"ES-AR\" style=\"font-size: 12pt; mso-bidi-font-size: 10.0pt;\"><span style=\"font-family: Times New Roman;\">1 Rollo de tela adhesiva 12.5mm x 4mts.<\/span><\/span><\/p>\n<p class=\"MsoNormal\" style=\"margin: 0cm 0cm 0pt;\"><span lang=\"ES-AR\" style=\"font-size: 12pt; mso-bidi-font-size: 10.0pt;\"><span style=\"font-family: Times New Roman;\">1 Rollo de tela adhesiva 25mm x 4mts.<\/span><\/span><\/p>\n<p class=\"MsoNormal\" style=\"margin: 0cm 0cm 0pt;\"><span lang=\"ES-AR\" style=\"font-size: 12pt; mso-bidi-font-size: 10.0pt;\"><span style=\"font-family: Times New Roman;\">1 Tijera mediana met\u00e1lica.<\/span><\/span><\/p>\n<p class=\"MsoNormal\" style=\"margin: 0cm 0cm 0pt;\"><span lang=\"ES-AR\" style=\"font-size: 12pt; mso-bidi-font-size: 10.0pt;\"><span style=\"font-family: Times New Roman;\">1 Tubo de l\u00e1tex para ligadura.<\/span><\/span><\/p>\n<p class=\"MsoNormal\" style=\"margin: 0cm 0cm 0pt;\"><span lang=\"ES-AR\" style=\"font-size: 12pt; mso-bidi-font-size: 10.0pt;\"><span style=\"font-family: Times New Roman;\">1 Venda tipo cambric orillada x 10cm de ancho.<\/span><\/span><\/p>\n<p class=\"MsoNormal\" style=\"margin: 0cm 0cm 0pt;\"><span lang=\"ES-AR\" style=\"font-size: 12pt; mso-bidi-font-size: 10.0pt;\"><span style=\"font-family: Times New Roman;\">1 Venda tipo cambric orillada x 7cm de ancho.<\/span><\/span><\/p>\n<p class=\"MsoNormal\" style=\"margin: 0cm 0cm 0pt;\"><span lang=\"ES-AR\" style=\"font-size: 12pt; mso-bidi-font-size: 10.0pt;\"><span style=\"font-family: Times New Roman;\">1 Venda tipo cambric orillada x 5cm de ancho.<\/span><\/span><\/p>\n<p class=\"MsoNormal\" style=\"margin: 0cm 0cm 0pt;\"><span lang=\"ES-AR\" style=\"font-size: 12pt; mso-bidi-font-size: 10.0pt;\"><span style=\"font-family: Times New Roman;\">5 Pares de guantespolietileno descartables.<\/span><\/span><\/p>\n<p class=\"MsoNormal\" style=\"margin: 0cm 0cm 0pt;\"><span style=\"font-family: Times New Roman;\"><span lang=\"ES-AR\" style=\"font-size: 14pt; mso-bidi-font-size: 10.0pt; mso-bidi-font-weight: bold;\">1 <\/span><span lang=\"ES-AR\" style=\"font-size: 12pt; mso-bidi-font-size: 10.0pt; mso-bidi-font-weight: bold;\">Caja de bicarbonato x 250grs.<\/span><\/span><\/p>\n","protected":false},"excerpt":{"rendered":"<p>PRACTY-BOTIQU\u00cdN N\u00ba 210-211-212-216-218-219-220 20 Ap\u00f3sitos protector adhesivo. 1 Blister de aspirinas 0.50 x 10 unidades. 1 Blister de carb\u00f3n 0.50. x 10 unidades. 1 Caja de gasa hidr\u00f3filo esterilizada en sobre N\u00ba5. 1 Copita lavaojos. 1 Espejo de 14cm x 8cm. 1 Fco agua oxigenada 10 vol. x 500cc. uso externo. 1 Fco de sol [&hellip;]<\/p>\n","protected":false},"featured_media":8276,"template":"","meta":{"_joinchat":[]},"product_brand":[993],"product_cat":[962,961],"product_tag":[],"class_list":{"0":"post-8275","1":"product","2":"type-product","3":"status-publish","4":"has-post-thumbnail","6":"product_brand-otras","7":"product_cat-primeros-auxilios-botiquines","8":"product_cat-primeros-auxilios","10":"first","11":"instock","12":"shipping-taxable","13":"product-type-simple"},"_links":{"self":[{"href":"https:\/\/seguridadsrl.com\/v2\/wp-json\/wp\/v2\/product\/8275","targetHints":{"allow":["GET"]}}],"collection":[{"href":"https:\/\/seguridadsrl.com\/v2\/wp-json\/wp\/v2\/product"}],"about":[{"href":"https:\/\/seguridadsrl.com\/v2\/wp-json\/wp\/v2\/types\/product"}],"wp:featuredmedia":[{"embeddable":true,"href":"https:\/\/seguridadsrl.com\/v2\/wp-json\/wp\/v2\/media\/8276"}],"wp:attachment":[{"href":"https:\/\/seguridadsrl.com\/v2\/wp-json\/wp\/v2\/media?parent=8275"}],"wp:term":[{"taxonomy":"product_brand","embeddable":true,"href":"https:\/\/seguridadsrl.com\/v2\/wp-json\/wp\/v2\/product_brand?post=8275"},{"taxonomy":"product_cat","embeddable":true,"href":"https:\/\/seguridadsrl.com\/v2\/wp-json\/wp\/v2\/product_cat?post=8275"},{"taxonomy":"product_tag","embeddable":true,"href":"https:\/\/seguridadsrl.com\/v2\/wp-json\/wp\/v2\/product_tag?post=8275"}],"curies":[{"name":"wp","href":"https:\/\/api.w.org\/{rel}","templated":true}]}}