{"id":8174,"date":"2026-04-30T13:30:56","date_gmt":"2026-04-30T16:30:56","guid":{"rendered":"https:\/\/seguridadsrl.com\/v2\/producto\/mini-equipo-de-escape-2\/"},"modified":"2026-04-30T13:43:19","modified_gmt":"2026-04-30T16:43:19","slug":"mini-equipo-de-escape-2","status":"publish","type":"product","link":"https:\/\/seguridadsrl.com\/v2\/producto\/mini-equipo-de-escape-2\/","title":{"rendered":"Mini &#8211; equipo de escape"},"content":{"rendered":"<p><strong>Cuando no hay tiempo m\u00e1s que para escapar, este es el equipo indicado.\u00a0 Ofrece una protecci\u00f3n respiratoria para un r\u00e1pido escape de un ambiente que se ha convertido en IPVS (Inmediatamente Peligroso para la Vida y la Salud). <\/strong><\/p>\n<p><strong>Es f\u00e1cil de utilizar, permitiendo al usuario comenzar a escapar en s\u00f3lo segundos. La elecci\u00f3n del cilindro permite autonom\u00edas de 5 \u00f3 10 min.<\/strong><\/p>\n<p>\u00a0<\/p>\n<p><span style=\"text-decoration: underline;\"><strong>El equipo est\u00e1 compuesto por:<\/strong><\/span><\/p>\n<ul>\n<li>V\u00e1lvula reductora de presi\u00f3n, de flujo continuo, que suministra un caudal de aire de 40 l\/min.<\/li>\n<li>Capucha de PVC transparente, elastizada al cuello.<\/li>\n<li>Mochila portacilindro con instrucciones de uso del equipo impresas en la misma, y de f\u00e1cil lectura.<\/li>\n<\/ul>\n<p><span style=\"text-decoration: underline;\"><strong>Opciones:<\/strong><\/span><\/p>\n<ul>\n<li><strong>ART. 7240: <\/strong>Cilindro de acero, para 5 min., de 150 bar y un peso aproximado de 4 Kg.<\/li>\n<li><strong>ART. 7241:<\/strong> Cilindro de aluminio, para 5 min., de 150 bar y un peso aproximado de 3 kg.<\/li>\n<li><strong>ART. 7242:<\/strong> Cilindro de aluminio, para 10 min., de 200 bar y un peso aproximado de 4,450 kg.<\/li>\n<\/ul>\n<p>Usos recomendados: el equipo est\u00e1 dise\u00f1ado exclusivamente para ser utilizado en caso de evacuaci\u00f3n de zonas contaminadas con humo de incendio, fuga de gases, etc.<\/p>\n<p><strong>Norma de Aplicaci\u00f3n IRAM 3618<\/strong><\/p>\n","protected":false},"excerpt":{"rendered":"<p>Cuando no hay tiempo m\u00e1s que para escapar, este es el equipo indicado.\u00a0 Ofrece una protecci\u00f3n respiratoria para un r\u00e1pido escape de un ambiente que se ha convertido en IPVS (Inmediatamente Peligroso para la Vida y la Salud). Es f\u00e1cil de utilizar, permitiendo al usuario comenzar a escapar en s\u00f3lo segundos. La elecci\u00f3n del cilindro [&hellip;]<\/p>\n","protected":false},"featured_media":8175,"template":"","meta":{"_joinchat":[]},"product_brand":[997],"product_cat":[923,913],"product_tag":[],"class_list":{"0":"post-8174","1":"product","2":"type-product","3":"status-publish","4":"has-post-thumbnail","6":"product_brand-fravida","7":"product_cat-proteccion-respiratoria-equipos-autonomos","8":"product_cat-proteccion-respiratoria","10":"first","11":"instock","12":"shipping-taxable","13":"product-type-simple"},"_links":{"self":[{"href":"https:\/\/seguridadsrl.com\/v2\/wp-json\/wp\/v2\/product\/8174","targetHints":{"allow":["GET"]}}],"collection":[{"href":"https:\/\/seguridadsrl.com\/v2\/wp-json\/wp\/v2\/product"}],"about":[{"href":"https:\/\/seguridadsrl.com\/v2\/wp-json\/wp\/v2\/types\/product"}],"wp:featuredmedia":[{"embeddable":true,"href":"https:\/\/seguridadsrl.com\/v2\/wp-json\/wp\/v2\/media\/8175"}],"wp:attachment":[{"href":"https:\/\/seguridadsrl.com\/v2\/wp-json\/wp\/v2\/media?parent=8174"}],"wp:term":[{"taxonomy":"product_brand","embeddable":true,"href":"https:\/\/seguridadsrl.com\/v2\/wp-json\/wp\/v2\/product_brand?post=8174"},{"taxonomy":"product_cat","embeddable":true,"href":"https:\/\/seguridadsrl.com\/v2\/wp-json\/wp\/v2\/product_cat?post=8174"},{"taxonomy":"product_tag","embeddable":true,"href":"https:\/\/seguridadsrl.com\/v2\/wp-json\/wp\/v2\/product_tag?post=8174"}],"curies":[{"name":"wp","href":"https:\/\/api.w.org\/{rel}","templated":true}]}}