{"id":8154,"date":"2026-04-30T13:30:46","date_gmt":"2026-04-30T16:30:46","guid":{"rendered":"https:\/\/seguridadsrl.com\/v2\/producto\/senalizador-de-salida-2\/"},"modified":"2026-04-30T13:43:13","modified_gmt":"2026-04-30T16:43:13","slug":"senalizador-de-salida-2","status":"publish","type":"product","link":"https:\/\/seguridadsrl.com\/v2\/producto\/senalizador-de-salida-2\/","title":{"rendered":"Se\u00f1alizador de Salida"},"content":{"rendered":"<ul class=\"menu_left_prod\">\n<li>Indicador de carga <\/li>\n<li>Indicador de nivel de bater\u00eda <\/li>\n<li>Pulsador para prueba <\/li>\n<li>Simple y doble faz <\/li>\n<li>Aut\u00f3nomo permanente y no permanente <\/li>\n<li>3 formas de montaje: bandera \u2013 techo \u2013 pared <\/li>\n<li>Variedad de pictogramas inclu\u00eddos <\/li>\n<li>Material ign\u00edfugo <\/li>\n<li>Trae sa\u00f1alizador de SALIDA DE EMERGENCIAS, SALIDA EXIT. Y SUS PICTOGRAMA.<\/li>\n<\/ul>\n","protected":false},"excerpt":{"rendered":"<p>Indicador de carga Indicador de nivel de bater\u00eda Pulsador para prueba Simple y doble faz Aut\u00f3nomo permanente y no permanente 3 formas de montaje: bandera \u2013 techo \u2013 pared Variedad de pictogramas inclu\u00eddos Material ign\u00edfugo Trae sa\u00f1alizador de SALIDA DE EMERGENCIAS, SALIDA EXIT. Y SUS PICTOGRAMA.<\/p>\n","protected":false},"featured_media":8155,"template":"","meta":{"_joinchat":[]},"product_brand":[993],"product_cat":[972,966],"product_tag":[],"class_list":{"0":"post-8154","1":"product","2":"type-product","3":"status-publish","4":"has-post-thumbnail","6":"product_brand-otras","7":"product_cat-senalizacion-luz-de-emergencia","8":"product_cat-senalizacion","10":"first","11":"instock","12":"shipping-taxable","13":"product-type-simple"},"_links":{"self":[{"href":"https:\/\/seguridadsrl.com\/v2\/wp-json\/wp\/v2\/product\/8154","targetHints":{"allow":["GET"]}}],"collection":[{"href":"https:\/\/seguridadsrl.com\/v2\/wp-json\/wp\/v2\/product"}],"about":[{"href":"https:\/\/seguridadsrl.com\/v2\/wp-json\/wp\/v2\/types\/product"}],"wp:featuredmedia":[{"embeddable":true,"href":"https:\/\/seguridadsrl.com\/v2\/wp-json\/wp\/v2\/media\/8155"}],"wp:attachment":[{"href":"https:\/\/seguridadsrl.com\/v2\/wp-json\/wp\/v2\/media?parent=8154"}],"wp:term":[{"taxonomy":"product_brand","embeddable":true,"href":"https:\/\/seguridadsrl.com\/v2\/wp-json\/wp\/v2\/product_brand?post=8154"},{"taxonomy":"product_cat","embeddable":true,"href":"https:\/\/seguridadsrl.com\/v2\/wp-json\/wp\/v2\/product_cat?post=8154"},{"taxonomy":"product_tag","embeddable":true,"href":"https:\/\/seguridadsrl.com\/v2\/wp-json\/wp\/v2\/product_tag?post=8154"}],"curies":[{"name":"wp","href":"https:\/\/api.w.org\/{rel}","templated":true}]}}