{"id":8038,"date":"2026-04-30T13:29:29","date_gmt":"2026-04-30T16:29:29","guid":{"rendered":"https:\/\/seguridadsrl.com\/v2\/producto\/guante-de-vaqueta-combinado-pampero-2\/"},"modified":"2026-04-30T13:42:47","modified_gmt":"2026-04-30T16:42:47","slug":"guante-de-vaqueta-combinado-pampero-2","status":"publish","type":"product","link":"https:\/\/seguridadsrl.com\/v2\/producto\/guante-de-vaqueta-combinado-pampero-2\/","title":{"rendered":"Guante de vaqueta combinado Pampero"},"content":{"rendered":"<p>guante combinado de vaqueta de tapicer\u00eda con lona, con refuerzo en la palma y en los dedos \u00edndice y pulgar, que le ottorgan mayor resistencia al desgaste y a la abrasi\u00f3n.<br \/>Uso:<br \/>carga y descarga de mercanc\u00edas, manejo de herramientas manuales, trabajos mec\u00e1nicos en general. Ideal donde sea necesario proteger lamano o parte de ella de desgaste intesivo.<\/p>\n","protected":false},"excerpt":{"rendered":"<p>guante combinado de vaqueta de tapicer\u00eda con lona, con refuerzo en la palma y en los dedos \u00edndice y pulgar, que le ottorgan mayor resistencia al desgaste y a la abrasi\u00f3n.Uso:carga y descarga de mercanc\u00edas, manejo de herramientas manuales, trabajos mec\u00e1nicos en general. Ideal donde sea necesario proteger lamano o parte de ella de desgaste [&hellip;]<\/p>\n","protected":false},"featured_media":8039,"template":"","meta":{"_joinchat":[]},"product_brand":[1005],"product_cat":[891,888],"product_tag":[],"class_list":{"0":"post-8038","1":"product","2":"type-product","3":"status-publish","4":"has-post-thumbnail","6":"product_brand-pampero","7":"product_cat-guantes-combinados","8":"product_cat-guantes","10":"first","11":"instock","12":"shipping-taxable","13":"product-type-simple"},"_links":{"self":[{"href":"https:\/\/seguridadsrl.com\/v2\/wp-json\/wp\/v2\/product\/8038","targetHints":{"allow":["GET"]}}],"collection":[{"href":"https:\/\/seguridadsrl.com\/v2\/wp-json\/wp\/v2\/product"}],"about":[{"href":"https:\/\/seguridadsrl.com\/v2\/wp-json\/wp\/v2\/types\/product"}],"wp:featuredmedia":[{"embeddable":true,"href":"https:\/\/seguridadsrl.com\/v2\/wp-json\/wp\/v2\/media\/8039"}],"wp:attachment":[{"href":"https:\/\/seguridadsrl.com\/v2\/wp-json\/wp\/v2\/media?parent=8038"}],"wp:term":[{"taxonomy":"product_brand","embeddable":true,"href":"https:\/\/seguridadsrl.com\/v2\/wp-json\/wp\/v2\/product_brand?post=8038"},{"taxonomy":"product_cat","embeddable":true,"href":"https:\/\/seguridadsrl.com\/v2\/wp-json\/wp\/v2\/product_cat?post=8038"},{"taxonomy":"product_tag","embeddable":true,"href":"https:\/\/seguridadsrl.com\/v2\/wp-json\/wp\/v2\/product_tag?post=8038"}],"curies":[{"name":"wp","href":"https:\/\/api.w.org\/{rel}","templated":true}]}}