{"id":8032,"date":"2026-04-30T13:29:22","date_gmt":"2026-04-30T16:29:22","guid":{"rendered":"https:\/\/seguridadsrl.com\/v2\/producto\/guante-de-vaqueta-amricano-puno-corto-2\/"},"modified":"2026-04-30T13:42:46","modified_gmt":"2026-04-30T16:42:46","slug":"guante-de-vaqueta-amricano-puno-corto-2","status":"publish","type":"product","link":"https:\/\/seguridadsrl.com\/v2\/producto\/guante-de-vaqueta-amricano-puno-corto-2\/","title":{"rendered":"Guante de vaqueta amricano pu\u00f1o corto"},"content":{"rendered":"<p>Confeccionado con cuero de vaqueta de 1\u00ba calidad. A diferencia de los guantes que hay en nuestro mercado, estos son guantes amplios. Protege la mano o una parte de ella contra riesgos mec\u00e1nicos. Usos Posibles: Industria Petrolera, Perforadoras, y Mec\u00e1nicas en Gral. Donde sea necesario proteger la palma de la mano del desgaste mec\u00e1nico intenso. Todas las piezas construidas en cuero vaqueta . Pu\u00f1o de Cuero descarne color gris, en una sola pieza<\/p>\n","protected":false},"excerpt":{"rendered":"<p>Confeccionado con cuero de vaqueta de 1\u00ba calidad. A diferencia de los guantes que hay en nuestro mercado, estos son guantes amplios. Protege la mano o una parte de ella contra riesgos mec\u00e1nicos. Usos Posibles: Industria Petrolera, Perforadoras, y Mec\u00e1nicas en Gral. Donde sea necesario proteger la palma de la mano del desgaste mec\u00e1nico intenso. [&hellip;]<\/p>\n","protected":false},"featured_media":8033,"template":"","meta":{"_joinchat":[]},"product_brand":[1000],"product_cat":[888,892],"product_tag":[],"class_list":{"0":"post-8032","1":"product","2":"type-product","3":"status-publish","4":"has-post-thumbnail","6":"product_brand-seguridad","7":"product_cat-guantes","8":"product_cat-guantes-vaqueta","10":"first","11":"instock","12":"shipping-taxable","13":"product-type-simple"},"_links":{"self":[{"href":"https:\/\/seguridadsrl.com\/v2\/wp-json\/wp\/v2\/product\/8032","targetHints":{"allow":["GET"]}}],"collection":[{"href":"https:\/\/seguridadsrl.com\/v2\/wp-json\/wp\/v2\/product"}],"about":[{"href":"https:\/\/seguridadsrl.com\/v2\/wp-json\/wp\/v2\/types\/product"}],"wp:featuredmedia":[{"embeddable":true,"href":"https:\/\/seguridadsrl.com\/v2\/wp-json\/wp\/v2\/media\/8033"}],"wp:attachment":[{"href":"https:\/\/seguridadsrl.com\/v2\/wp-json\/wp\/v2\/media?parent=8032"}],"wp:term":[{"taxonomy":"product_brand","embeddable":true,"href":"https:\/\/seguridadsrl.com\/v2\/wp-json\/wp\/v2\/product_brand?post=8032"},{"taxonomy":"product_cat","embeddable":true,"href":"https:\/\/seguridadsrl.com\/v2\/wp-json\/wp\/v2\/product_cat?post=8032"},{"taxonomy":"product_tag","embeddable":true,"href":"https:\/\/seguridadsrl.com\/v2\/wp-json\/wp\/v2\/product_tag?post=8032"}],"curies":[{"name":"wp","href":"https:\/\/api.w.org\/{rel}","templated":true}]}}