{"id":7222,"date":"2026-03-27T10:13:33","date_gmt":"2026-03-27T13:13:33","guid":{"rendered":"https:\/\/seguridadsrl.com\/v2\/product\/marco-para-visor-6899\/"},"modified":"2026-03-27T11:52:51","modified_gmt":"2026-03-27T14:52:51","slug":"marco-para-visor-6899","status":"publish","type":"product","link":"https:\/\/seguridadsrl.com\/v2\/product\/marco-para-visor-6899\/","title":{"rendered":"Marco para visor 6899"},"content":{"rendered":"<p><strong>Marco para visor 6899<\/strong> de <strong>3M<\/strong> es una propuesta destacada dentro de la categor\u00eda <strong>Protecci\u00f3n Respiratoria<\/strong>. Marco para visor 6899 de 3M es una soluci\u00f3n orientada a empresas, industrias, talleres y usuarios que buscan calidad, confiabilidad y disponibilidad dentro de la l\u00ednea de protecci\u00f3n respiratoria. Ubicado en la subcategor\u00eda repuestos serie 6000, este producto est\u00e1 pensado para acompa\u00f1ar tareas cotidianas y exigentes donde la seguridad, la comodidad de uso y la correcta elecci\u00f3n del equipo marcan una diferencia real.<\/p>\n<p>Entre los datos m\u00e1s relevantes del producto se destacan los siguientes puntos:<\/p>\n<ul>\n<li>El Marco 6899 para Visor es compatible con las piezas faciales de la Serie 6000 de cara completa de 3M y es un repuesto dise\u00f1ado para usarse con los Respiradores de cara completa de la serie 6000<\/li>\n<\/ul>\n<p>Al evaluar <strong>Marco para visor 6899<\/strong>, conviene considerar su aplicaci\u00f3n espec\u00edfica, el entorno de trabajo, la compatibilidad con otros elementos de seguridad y el nivel de exigencia de la tarea. En rubros industriales, log\u00edsticos, de mantenimiento, construcci\u00f3n y servicios, elegir correctamente un art\u00edculo de <strong>Protecci\u00f3n Respiratoria<\/strong> ayuda a mejorar la protecci\u00f3n, ordenar la operaci\u00f3n diaria y mantener un est\u00e1ndar profesional de compra.<\/p>\n","protected":false},"excerpt":{"rendered":"<p>El Marco 6899 para Visor es compatible con las piezas faciales de la Serie 6000 de cara completa de 3M y es un repuesto dise&ntilde; ado para usarse con los Respiradores de cara completa de la serie 6000.<\/p>\n","protected":false},"featured_media":7225,"template":"","meta":{"_joinchat":[]},"product_brand":[995],"product_cat":[913,925],"product_tag":[],"class_list":{"0":"post-7222","1":"product","2":"type-product","3":"status-publish","4":"has-post-thumbnail","6":"product_brand-3m","7":"product_cat-proteccion-respiratoria","8":"product_cat-proteccion-respiratoria-repuestos-serie-6000","10":"first","11":"instock","12":"shipping-taxable","13":"product-type-simple"},"yoast_head":"<!-- This site is optimized with the Yoast SEO plugin v27.4 - https:\/\/yoast.com\/product\/yoast-seo-wordpress\/ -->\n<title>Marco para visor 6899 | 3M | Seguridad SRL<\/title>\n<meta name=\"description\" content=\"Compr\u00e1 Marco para visor 6899 de 3M en Seguridad SRL. Soluci\u00f3n de protecci\u00f3n respiratoria con ficha t\u00e9cnica y datos para cotizaci\u00f3n.\" \/>\n<meta name=\"robots\" content=\"index, follow, max-snippet:-1, max-image-preview:large, max-video-preview:-1\" \/>\n<link rel=\"canonical\" href=\"https:\/\/seguridadsrl.com\/v2\/product\/marco-para-visor-6899\/\" \/>\n<meta property=\"og:locale\" content=\"es_ES\" \/>\n<meta property=\"og:type\" content=\"article\" \/>\n<meta property=\"og:title\" content=\"Marco para visor 6899 | 3M | Seguridad SRL\" \/>\n<meta property=\"og:description\" content=\"Compr\u00e1 Marco para visor 6899 de 3M en Seguridad SRL. Soluci\u00f3n de protecci\u00f3n respiratoria con ficha t\u00e9cnica y datos para cotizaci\u00f3n.\" \/>\n<meta property=\"og:url\" content=\"https:\/\/seguridadsrl.com\/v2\/product\/marco-para-visor-6899\/\" \/>\n<meta property=\"og:site_name\" content=\"Seguridad S.R.L. Elementos de Seguridad Industrial\" \/>\n<meta property=\"article:modified_time\" content=\"2026-03-27T14:52:51+00:00\" \/>\n<meta property=\"og:image\" content=\"https:\/\/seguridadsrl.com\/v2\/wp-content\/uploads\/2026\/03\/9Sw4e-big-1.jpg\" \/>\n\t<meta property=\"og:image:width\" content=\"220\" \/>\n\t<meta property=\"og:image:height\" content=\"150\" \/>\n\t<meta property=\"og:image:type\" content=\"image\/jpeg\" \/>\n<meta name=\"twitter:card\" content=\"summary_large_image\" \/>\n<meta name=\"twitter:label1\" content=\"Tiempo de lectura\" \/>\n\t<meta name=\"twitter:data1\" content=\"1 minuto\" \/>\n<script type=\"application\/ld+json\" class=\"yoast-schema-graph\">{\"@context\":\"https:\\\/\\\/schema.org\",\"@graph\":[{\"@type\":\"WebPage\",\"@id\":\"https:\\\/\\\/seguridadsrl.com\\\/v2\\\/product\\\/marco-para-visor-6899\\\/\",\"url\":\"https:\\\/\\\/seguridadsrl.com\\\/v2\\\/product\\\/marco-para-visor-6899\\\/\",\"name\":\"Marco para visor 6899 | 3M | Seguridad SRL\",\"isPartOf\":{\"@id\":\"https:\\\/\\\/seguridadsrl.com\\\/v2\\\/#website\"},\"primaryImageOfPage\":{\"@id\":\"https:\\\/\\\/seguridadsrl.com\\\/v2\\\/product\\\/marco-para-visor-6899\\\/#primaryimage\"},\"image\":{\"@id\":\"https:\\\/\\\/seguridadsrl.com\\\/v2\\\/product\\\/marco-para-visor-6899\\\/#primaryimage\"},\"thumbnailUrl\":\"https:\\\/\\\/seguridadsrl.com\\\/v2\\\/wp-content\\\/uploads\\\/2026\\\/03\\\/9Sw4e-big-1.jpg\",\"datePublished\":\"2026-03-27T13:13:33+00:00\",\"dateModified\":\"2026-03-27T14:52:51+00:00\",\"description\":\"Compr\u00e1 Marco para visor 6899 de 3M en Seguridad SRL. Soluci\u00f3n de protecci\u00f3n respiratoria con ficha t\u00e9cnica y datos para cotizaci\u00f3n.\",\"breadcrumb\":{\"@id\":\"https:\\\/\\\/seguridadsrl.com\\\/v2\\\/product\\\/marco-para-visor-6899\\\/#breadcrumb\"},\"inLanguage\":\"es-AR\",\"potentialAction\":[{\"@type\":\"ReadAction\",\"target\":[\"https:\\\/\\\/seguridadsrl.com\\\/v2\\\/product\\\/marco-para-visor-6899\\\/\"]}]},{\"@type\":\"ImageObject\",\"inLanguage\":\"es-AR\",\"@id\":\"https:\\\/\\\/seguridadsrl.com\\\/v2\\\/product\\\/marco-para-visor-6899\\\/#primaryimage\",\"url\":\"https:\\\/\\\/seguridadsrl.com\\\/v2\\\/wp-content\\\/uploads\\\/2026\\\/03\\\/9Sw4e-big-1.jpg\",\"contentUrl\":\"https:\\\/\\\/seguridadsrl.com\\\/v2\\\/wp-content\\\/uploads\\\/2026\\\/03\\\/9Sw4e-big-1.jpg\",\"width\":220,\"height\":150,\"caption\":\"Marco para visor 6899 | 3M | Protecci\u00f3n Respiratoria\"},{\"@type\":\"BreadcrumbList\",\"@id\":\"https:\\\/\\\/seguridadsrl.com\\\/v2\\\/product\\\/marco-para-visor-6899\\\/#breadcrumb\",\"itemListElement\":[{\"@type\":\"ListItem\",\"position\":1,\"name\":\"Inicio\",\"item\":\"https:\\\/\\\/seguridadsrl.com\\\/v2\\\/\"},{\"@type\":\"ListItem\",\"position\":2,\"name\":\"Productos\",\"item\":\"https:\\\/\\\/seguridadsrl.com\\\/v2\\\/productos\\\/\"},{\"@type\":\"ListItem\",\"position\":3,\"name\":\"Marco para visor 6899\"}]},{\"@type\":\"WebSite\",\"@id\":\"https:\\\/\\\/seguridadsrl.com\\\/v2\\\/#website\",\"url\":\"https:\\\/\\\/seguridadsrl.com\\\/v2\\\/\",\"name\":\"Seguridad SRL - Elementos de seguridad industrial\",\"description\":\"Elementos de Seguridad Industrial\",\"publisher\":{\"@id\":\"https:\\\/\\\/seguridadsrl.com\\\/v2\\\/#organization\"},\"alternateName\":\"Elementos de seguridad industrial\",\"potentialAction\":[{\"@type\":\"SearchAction\",\"target\":{\"@type\":\"EntryPoint\",\"urlTemplate\":\"https:\\\/\\\/seguridadsrl.com\\\/v2\\\/?s={search_term_string}\"},\"query-input\":{\"@type\":\"PropertyValueSpecification\",\"valueRequired\":true,\"valueName\":\"search_term_string\"}}],\"inLanguage\":\"es-AR\"},{\"@type\":\"Organization\",\"@id\":\"https:\\\/\\\/seguridadsrl.com\\\/v2\\\/#organization\",\"name\":\"Seguridad SRL - Elementos de seguridad industrial\",\"url\":\"https:\\\/\\\/seguridadsrl.com\\\/v2\\\/\",\"logo\":{\"@type\":\"ImageObject\",\"inLanguage\":\"es-AR\",\"@id\":\"https:\\\/\\\/seguridadsrl.com\\\/v2\\\/#\\\/schema\\\/logo\\\/image\\\/\",\"url\":\"https:\\\/\\\/seguridadsrl.com\\\/v2\\\/wp-content\\\/uploads\\\/2026\\\/03\\\/blanco.png\",\"contentUrl\":\"https:\\\/\\\/seguridadsrl.com\\\/v2\\\/wp-content\\\/uploads\\\/2026\\\/03\\\/blanco.png\",\"width\":400,\"height\":68,\"caption\":\"Seguridad SRL - Elementos de seguridad industrial\"},\"image\":{\"@id\":\"https:\\\/\\\/seguridadsrl.com\\\/v2\\\/#\\\/schema\\\/logo\\\/image\\\/\"}}]}<\/script>\n<!-- \/ Yoast SEO plugin. -->","yoast_head_json":{"title":"Marco para visor 6899 | 3M | Seguridad SRL","description":"Compr\u00e1 Marco para visor 6899 de 3M en Seguridad SRL. Soluci\u00f3n de protecci\u00f3n respiratoria con ficha t\u00e9cnica y datos para cotizaci\u00f3n.","robots":{"index":"index","follow":"follow","max-snippet":"max-snippet:-1","max-image-preview":"max-image-preview:large","max-video-preview":"max-video-preview:-1"},"canonical":"https:\/\/seguridadsrl.com\/v2\/product\/marco-para-visor-6899\/","og_locale":"es_ES","og_type":"article","og_title":"Marco para visor 6899 | 3M | Seguridad SRL","og_description":"Compr\u00e1 Marco para visor 6899 de 3M en Seguridad SRL. Soluci\u00f3n de protecci\u00f3n respiratoria con ficha t\u00e9cnica y datos para cotizaci\u00f3n.","og_url":"https:\/\/seguridadsrl.com\/v2\/product\/marco-para-visor-6899\/","og_site_name":"Seguridad S.R.L. Elementos de Seguridad Industrial","article_modified_time":"2026-03-27T14:52:51+00:00","og_image":[{"width":220,"height":150,"url":"https:\/\/seguridadsrl.com\/v2\/wp-content\/uploads\/2026\/03\/9Sw4e-big-1.jpg","type":"image\/jpeg"}],"twitter_card":"summary_large_image","twitter_misc":{"Tiempo de lectura":"1 minuto"},"schema":{"@context":"https:\/\/schema.org","@graph":[{"@type":"WebPage","@id":"https:\/\/seguridadsrl.com\/v2\/product\/marco-para-visor-6899\/","url":"https:\/\/seguridadsrl.com\/v2\/product\/marco-para-visor-6899\/","name":"Marco para visor 6899 | 3M | Seguridad SRL","isPartOf":{"@id":"https:\/\/seguridadsrl.com\/v2\/#website"},"primaryImageOfPage":{"@id":"https:\/\/seguridadsrl.com\/v2\/product\/marco-para-visor-6899\/#primaryimage"},"image":{"@id":"https:\/\/seguridadsrl.com\/v2\/product\/marco-para-visor-6899\/#primaryimage"},"thumbnailUrl":"https:\/\/seguridadsrl.com\/v2\/wp-content\/uploads\/2026\/03\/9Sw4e-big-1.jpg","datePublished":"2026-03-27T13:13:33+00:00","dateModified":"2026-03-27T14:52:51+00:00","description":"Compr\u00e1 Marco para visor 6899 de 3M en Seguridad SRL. Soluci\u00f3n de protecci\u00f3n respiratoria con ficha t\u00e9cnica y datos para cotizaci\u00f3n.","breadcrumb":{"@id":"https:\/\/seguridadsrl.com\/v2\/product\/marco-para-visor-6899\/#breadcrumb"},"inLanguage":"es-AR","potentialAction":[{"@type":"ReadAction","target":["https:\/\/seguridadsrl.com\/v2\/product\/marco-para-visor-6899\/"]}]},{"@type":"ImageObject","inLanguage":"es-AR","@id":"https:\/\/seguridadsrl.com\/v2\/product\/marco-para-visor-6899\/#primaryimage","url":"https:\/\/seguridadsrl.com\/v2\/wp-content\/uploads\/2026\/03\/9Sw4e-big-1.jpg","contentUrl":"https:\/\/seguridadsrl.com\/v2\/wp-content\/uploads\/2026\/03\/9Sw4e-big-1.jpg","width":220,"height":150,"caption":"Marco para visor 6899 | 3M | Protecci\u00f3n Respiratoria"},{"@type":"BreadcrumbList","@id":"https:\/\/seguridadsrl.com\/v2\/product\/marco-para-visor-6899\/#breadcrumb","itemListElement":[{"@type":"ListItem","position":1,"name":"Inicio","item":"https:\/\/seguridadsrl.com\/v2\/"},{"@type":"ListItem","position":2,"name":"Productos","item":"https:\/\/seguridadsrl.com\/v2\/productos\/"},{"@type":"ListItem","position":3,"name":"Marco para visor 6899"}]},{"@type":"WebSite","@id":"https:\/\/seguridadsrl.com\/v2\/#website","url":"https:\/\/seguridadsrl.com\/v2\/","name":"Seguridad SRL - Elementos de seguridad industrial","description":"Elementos de Seguridad Industrial","publisher":{"@id":"https:\/\/seguridadsrl.com\/v2\/#organization"},"alternateName":"Elementos de seguridad industrial","potentialAction":[{"@type":"SearchAction","target":{"@type":"EntryPoint","urlTemplate":"https:\/\/seguridadsrl.com\/v2\/?s={search_term_string}"},"query-input":{"@type":"PropertyValueSpecification","valueRequired":true,"valueName":"search_term_string"}}],"inLanguage":"es-AR"},{"@type":"Organization","@id":"https:\/\/seguridadsrl.com\/v2\/#organization","name":"Seguridad SRL - Elementos de seguridad industrial","url":"https:\/\/seguridadsrl.com\/v2\/","logo":{"@type":"ImageObject","inLanguage":"es-AR","@id":"https:\/\/seguridadsrl.com\/v2\/#\/schema\/logo\/image\/","url":"https:\/\/seguridadsrl.com\/v2\/wp-content\/uploads\/2026\/03\/blanco.png","contentUrl":"https:\/\/seguridadsrl.com\/v2\/wp-content\/uploads\/2026\/03\/blanco.png","width":400,"height":68,"caption":"Seguridad SRL - Elementos de seguridad industrial"},"image":{"@id":"https:\/\/seguridadsrl.com\/v2\/#\/schema\/logo\/image\/"}}]}},"_links":{"self":[{"href":"https:\/\/seguridadsrl.com\/v2\/wp-json\/wp\/v2\/product\/7222","targetHints":{"allow":["GET"]}}],"collection":[{"href":"https:\/\/seguridadsrl.com\/v2\/wp-json\/wp\/v2\/product"}],"about":[{"href":"https:\/\/seguridadsrl.com\/v2\/wp-json\/wp\/v2\/types\/product"}],"wp:featuredmedia":[{"embeddable":true,"href":"https:\/\/seguridadsrl.com\/v2\/wp-json\/wp\/v2\/media\/7225"}],"wp:attachment":[{"href":"https:\/\/seguridadsrl.com\/v2\/wp-json\/wp\/v2\/media?parent=7222"}],"wp:term":[{"taxonomy":"product_brand","embeddable":true,"href":"https:\/\/seguridadsrl.com\/v2\/wp-json\/wp\/v2\/product_brand?post=7222"},{"taxonomy":"product_cat","embeddable":true,"href":"https:\/\/seguridadsrl.com\/v2\/wp-json\/wp\/v2\/product_cat?post=7222"},{"taxonomy":"product_tag","embeddable":true,"href":"https:\/\/seguridadsrl.com\/v2\/wp-json\/wp\/v2\/product_tag?post=7222"}],"curies":[{"name":"wp","href":"https:\/\/api.w.org\/{rel}","templated":true}]}}