{"id":6887,"date":"2026-03-27T10:05:33","date_gmt":"2026-03-27T13:05:33","guid":{"rendered":"https:\/\/seguridadsrl.com\/v2\/product\/cascos-saylens-magnun-arnes-simple-20234am\/"},"modified":"2026-03-27T11:52:23","modified_gmt":"2026-03-27T14:52:23","slug":"cascos-saylens-magnun-arnes-simple-20234am","status":"publish","type":"product","link":"https:\/\/seguridadsrl.com\/v2\/product\/cascos-saylens-magnun-arnes-simple-20234am\/","title":{"rendered":"Cascos Saylens Magnun Arn\u00e9s simple"},"content":{"rendered":"<p><strong>Cascos Saylens Magnun Arn\u00e9s simple<\/strong> de <strong>SAYLENS<\/strong> es una propuesta destacada dentro de la categor\u00eda <strong>Protecci\u00f3n Craneana<\/strong>. Cascos Saylens Magnun Arn\u00e9s simple de SAYLENS es una soluci\u00f3n orientada a empresas, industrias, talleres y usuarios que buscan calidad, confiabilidad y disponibilidad dentro de la l\u00ednea de protecci\u00f3n craneana. Ubicado en la subcategor\u00eda cascos, este producto est\u00e1 pensado para acompa\u00f1ar tareas cotidianas y exigentes donde la seguridad, la comodidad de uso y la correcta elecci\u00f3n del equipo marcan una diferencia real.<\/p>\n<p>Entre los datos m\u00e1s relevantes del producto se destacan los siguientes puntos:<\/p>\n<ul>\n<li>El Casco SAYLENS MAGNUN P. P. es un caso liviano inyectado en polipropileno, la suspensi\u00f3n tiene ocho anclajes. Posee ranuras laterales (slots), para acoplar protectores faciales y auditivos. Por sus caracter\u00edsticas el caso SAYLENS est\u00e1 clasificado como Tipo I, Clase B, hasta 13200 voltios. Altura de la copa: 144 mm. Peso: 357 g. Norma IRAM 3620<\/li>\n<\/ul>\n<p>Al evaluar <strong>Cascos Saylens Magnun Arn\u00e9s simple<\/strong>, conviene considerar su aplicaci\u00f3n espec\u00edfica, el entorno de trabajo, la compatibilidad con otros elementos de seguridad y el nivel de exigencia de la tarea. En rubros industriales, log\u00edsticos, de mantenimiento, construcci\u00f3n y servicios, elegir correctamente un art\u00edculo de <strong>Protecci\u00f3n Craneana<\/strong> ayuda a mejorar la protecci\u00f3n, ordenar la operaci\u00f3n diaria y mantener un est\u00e1ndar profesional de compra.<\/p>\n","protected":false},"excerpt":{"rendered":"<p>El Casco SAYLENS MAGNUN P. P. es un caso liviano inyectado en polipropileno, la suspensi&oacute; n tiene ocho anclajes. Posee ranuras laterales (slots), para acoplar protectores faciales y auditivos. Por sus caracter&iacute; sticas el caso SAYLENS est&aacute; clasificado como Tipo I, Clase B, hasta 13200 voltios. Altura de la copa: 144 mm. Peso: 357 g. Norma IRAM 3620.<\/p>\n","protected":false},"featured_media":6888,"template":"","meta":{"_joinchat":[]},"product_brand":[996],"product_cat":[939,938],"product_tag":[],"class_list":{"0":"post-6887","1":"product","2":"type-product","3":"status-publish","4":"has-post-thumbnail","6":"product_brand-saylens","7":"product_cat-proteccion-craneana-cascos","8":"product_cat-proteccion-craneana","10":"first","11":"instock","12":"shipping-taxable","13":"product-type-simple"},"yoast_head":"<!-- This site is optimized with the Yoast SEO plugin v27.4 - https:\/\/yoast.com\/product\/yoast-seo-wordpress\/ -->\n<title>Cascos Saylens Magnun Arn\u00e9s simple | SAYLENS | Seguridad SRL<\/title>\n<meta name=\"description\" content=\"Compr\u00e1 Cascos Saylens Magnun Arn\u00e9s simple de SAYLENS en Seguridad SRL. Soluci\u00f3n de protecci\u00f3n craneana con ficha t\u00e9cnica y datos para cotizaci\u00f3n.\" \/>\n<meta name=\"robots\" content=\"index, follow, max-snippet:-1, max-image-preview:large, max-video-preview:-1\" \/>\n<link rel=\"canonical\" href=\"https:\/\/seguridadsrl.com\/v2\/product\/cascos-saylens-magnun-arnes-simple-20234am\/\" \/>\n<meta property=\"og:locale\" content=\"es_ES\" \/>\n<meta property=\"og:type\" content=\"article\" \/>\n<meta property=\"og:title\" content=\"Cascos Saylens Magnun Arn\u00e9s simple | SAYLENS | Seguridad SRL\" \/>\n<meta property=\"og:description\" content=\"Compr\u00e1 Cascos Saylens Magnun Arn\u00e9s simple de SAYLENS en Seguridad SRL. Soluci\u00f3n de protecci\u00f3n craneana con ficha t\u00e9cnica y datos para cotizaci\u00f3n.\" \/>\n<meta property=\"og:url\" content=\"https:\/\/seguridadsrl.com\/v2\/product\/cascos-saylens-magnun-arnes-simple-20234am\/\" \/>\n<meta property=\"og:site_name\" content=\"Seguridad S.R.L. Elementos de Seguridad Industrial\" \/>\n<meta property=\"article:modified_time\" content=\"2026-03-27T14:52:23+00:00\" \/>\n<meta property=\"og:image\" content=\"https:\/\/seguridadsrl.com\/v2\/wp-content\/uploads\/2026\/03\/vSs6r-big.jpg\" \/>\n\t<meta property=\"og:image:width\" content=\"265\" \/>\n\t<meta property=\"og:image:height\" content=\"265\" \/>\n\t<meta property=\"og:image:type\" content=\"image\/jpeg\" \/>\n<meta name=\"twitter:card\" content=\"summary_large_image\" \/>\n<meta name=\"twitter:label1\" content=\"Tiempo de lectura\" \/>\n\t<meta name=\"twitter:data1\" content=\"1 minuto\" \/>\n<script type=\"application\/ld+json\" class=\"yoast-schema-graph\">{\"@context\":\"https:\\\/\\\/schema.org\",\"@graph\":[{\"@type\":\"WebPage\",\"@id\":\"https:\\\/\\\/seguridadsrl.com\\\/v2\\\/product\\\/cascos-saylens-magnun-arnes-simple-20234am\\\/\",\"url\":\"https:\\\/\\\/seguridadsrl.com\\\/v2\\\/product\\\/cascos-saylens-magnun-arnes-simple-20234am\\\/\",\"name\":\"Cascos Saylens Magnun Arn\u00e9s simple | SAYLENS | Seguridad SRL\",\"isPartOf\":{\"@id\":\"https:\\\/\\\/seguridadsrl.com\\\/v2\\\/#website\"},\"primaryImageOfPage\":{\"@id\":\"https:\\\/\\\/seguridadsrl.com\\\/v2\\\/product\\\/cascos-saylens-magnun-arnes-simple-20234am\\\/#primaryimage\"},\"image\":{\"@id\":\"https:\\\/\\\/seguridadsrl.com\\\/v2\\\/product\\\/cascos-saylens-magnun-arnes-simple-20234am\\\/#primaryimage\"},\"thumbnailUrl\":\"https:\\\/\\\/seguridadsrl.com\\\/v2\\\/wp-content\\\/uploads\\\/2026\\\/03\\\/vSs6r-big.jpg\",\"datePublished\":\"2026-03-27T13:05:33+00:00\",\"dateModified\":\"2026-03-27T14:52:23+00:00\",\"description\":\"Compr\u00e1 Cascos Saylens Magnun Arn\u00e9s simple de SAYLENS en Seguridad SRL. Soluci\u00f3n de protecci\u00f3n craneana con ficha t\u00e9cnica y datos para cotizaci\u00f3n.\",\"breadcrumb\":{\"@id\":\"https:\\\/\\\/seguridadsrl.com\\\/v2\\\/product\\\/cascos-saylens-magnun-arnes-simple-20234am\\\/#breadcrumb\"},\"inLanguage\":\"es-AR\",\"potentialAction\":[{\"@type\":\"ReadAction\",\"target\":[\"https:\\\/\\\/seguridadsrl.com\\\/v2\\\/product\\\/cascos-saylens-magnun-arnes-simple-20234am\\\/\"]}]},{\"@type\":\"ImageObject\",\"inLanguage\":\"es-AR\",\"@id\":\"https:\\\/\\\/seguridadsrl.com\\\/v2\\\/product\\\/cascos-saylens-magnun-arnes-simple-20234am\\\/#primaryimage\",\"url\":\"https:\\\/\\\/seguridadsrl.com\\\/v2\\\/wp-content\\\/uploads\\\/2026\\\/03\\\/vSs6r-big.jpg\",\"contentUrl\":\"https:\\\/\\\/seguridadsrl.com\\\/v2\\\/wp-content\\\/uploads\\\/2026\\\/03\\\/vSs6r-big.jpg\",\"width\":265,\"height\":265,\"caption\":\"Cascos Saylens Magnun Arn\u00e9s simple | SAYLENS | Protecci\u00f3n Craneana\"},{\"@type\":\"BreadcrumbList\",\"@id\":\"https:\\\/\\\/seguridadsrl.com\\\/v2\\\/product\\\/cascos-saylens-magnun-arnes-simple-20234am\\\/#breadcrumb\",\"itemListElement\":[{\"@type\":\"ListItem\",\"position\":1,\"name\":\"Inicio\",\"item\":\"https:\\\/\\\/seguridadsrl.com\\\/v2\\\/\"},{\"@type\":\"ListItem\",\"position\":2,\"name\":\"Productos\",\"item\":\"https:\\\/\\\/seguridadsrl.com\\\/v2\\\/productos\\\/\"},{\"@type\":\"ListItem\",\"position\":3,\"name\":\"Cascos Saylens Magnun Arn\u00e9s simple\"}]},{\"@type\":\"WebSite\",\"@id\":\"https:\\\/\\\/seguridadsrl.com\\\/v2\\\/#website\",\"url\":\"https:\\\/\\\/seguridadsrl.com\\\/v2\\\/\",\"name\":\"Seguridad SRL - Elementos de seguridad industrial\",\"description\":\"Elementos de Seguridad Industrial\",\"publisher\":{\"@id\":\"https:\\\/\\\/seguridadsrl.com\\\/v2\\\/#organization\"},\"alternateName\":\"Elementos de seguridad industrial\",\"potentialAction\":[{\"@type\":\"SearchAction\",\"target\":{\"@type\":\"EntryPoint\",\"urlTemplate\":\"https:\\\/\\\/seguridadsrl.com\\\/v2\\\/?s={search_term_string}\"},\"query-input\":{\"@type\":\"PropertyValueSpecification\",\"valueRequired\":true,\"valueName\":\"search_term_string\"}}],\"inLanguage\":\"es-AR\"},{\"@type\":\"Organization\",\"@id\":\"https:\\\/\\\/seguridadsrl.com\\\/v2\\\/#organization\",\"name\":\"Seguridad SRL - Elementos de seguridad industrial\",\"url\":\"https:\\\/\\\/seguridadsrl.com\\\/v2\\\/\",\"logo\":{\"@type\":\"ImageObject\",\"inLanguage\":\"es-AR\",\"@id\":\"https:\\\/\\\/seguridadsrl.com\\\/v2\\\/#\\\/schema\\\/logo\\\/image\\\/\",\"url\":\"https:\\\/\\\/seguridadsrl.com\\\/v2\\\/wp-content\\\/uploads\\\/2026\\\/03\\\/blanco.png\",\"contentUrl\":\"https:\\\/\\\/seguridadsrl.com\\\/v2\\\/wp-content\\\/uploads\\\/2026\\\/03\\\/blanco.png\",\"width\":400,\"height\":68,\"caption\":\"Seguridad SRL - Elementos de seguridad industrial\"},\"image\":{\"@id\":\"https:\\\/\\\/seguridadsrl.com\\\/v2\\\/#\\\/schema\\\/logo\\\/image\\\/\"}}]}<\/script>\n<!-- \/ Yoast SEO plugin. -->","yoast_head_json":{"title":"Cascos Saylens Magnun Arn\u00e9s simple | SAYLENS | Seguridad SRL","description":"Compr\u00e1 Cascos Saylens Magnun Arn\u00e9s simple de SAYLENS en Seguridad SRL. Soluci\u00f3n de protecci\u00f3n craneana con ficha t\u00e9cnica y datos para cotizaci\u00f3n.","robots":{"index":"index","follow":"follow","max-snippet":"max-snippet:-1","max-image-preview":"max-image-preview:large","max-video-preview":"max-video-preview:-1"},"canonical":"https:\/\/seguridadsrl.com\/v2\/product\/cascos-saylens-magnun-arnes-simple-20234am\/","og_locale":"es_ES","og_type":"article","og_title":"Cascos Saylens Magnun Arn\u00e9s simple | SAYLENS | Seguridad SRL","og_description":"Compr\u00e1 Cascos Saylens Magnun Arn\u00e9s simple de SAYLENS en Seguridad SRL. Soluci\u00f3n de protecci\u00f3n craneana con ficha t\u00e9cnica y datos para cotizaci\u00f3n.","og_url":"https:\/\/seguridadsrl.com\/v2\/product\/cascos-saylens-magnun-arnes-simple-20234am\/","og_site_name":"Seguridad S.R.L. Elementos de Seguridad Industrial","article_modified_time":"2026-03-27T14:52:23+00:00","og_image":[{"width":265,"height":265,"url":"https:\/\/seguridadsrl.com\/v2\/wp-content\/uploads\/2026\/03\/vSs6r-big.jpg","type":"image\/jpeg"}],"twitter_card":"summary_large_image","twitter_misc":{"Tiempo de lectura":"1 minuto"},"schema":{"@context":"https:\/\/schema.org","@graph":[{"@type":"WebPage","@id":"https:\/\/seguridadsrl.com\/v2\/product\/cascos-saylens-magnun-arnes-simple-20234am\/","url":"https:\/\/seguridadsrl.com\/v2\/product\/cascos-saylens-magnun-arnes-simple-20234am\/","name":"Cascos Saylens Magnun Arn\u00e9s simple | SAYLENS | Seguridad SRL","isPartOf":{"@id":"https:\/\/seguridadsrl.com\/v2\/#website"},"primaryImageOfPage":{"@id":"https:\/\/seguridadsrl.com\/v2\/product\/cascos-saylens-magnun-arnes-simple-20234am\/#primaryimage"},"image":{"@id":"https:\/\/seguridadsrl.com\/v2\/product\/cascos-saylens-magnun-arnes-simple-20234am\/#primaryimage"},"thumbnailUrl":"https:\/\/seguridadsrl.com\/v2\/wp-content\/uploads\/2026\/03\/vSs6r-big.jpg","datePublished":"2026-03-27T13:05:33+00:00","dateModified":"2026-03-27T14:52:23+00:00","description":"Compr\u00e1 Cascos Saylens Magnun Arn\u00e9s simple de SAYLENS en Seguridad SRL. Soluci\u00f3n de protecci\u00f3n craneana con ficha t\u00e9cnica y datos para cotizaci\u00f3n.","breadcrumb":{"@id":"https:\/\/seguridadsrl.com\/v2\/product\/cascos-saylens-magnun-arnes-simple-20234am\/#breadcrumb"},"inLanguage":"es-AR","potentialAction":[{"@type":"ReadAction","target":["https:\/\/seguridadsrl.com\/v2\/product\/cascos-saylens-magnun-arnes-simple-20234am\/"]}]},{"@type":"ImageObject","inLanguage":"es-AR","@id":"https:\/\/seguridadsrl.com\/v2\/product\/cascos-saylens-magnun-arnes-simple-20234am\/#primaryimage","url":"https:\/\/seguridadsrl.com\/v2\/wp-content\/uploads\/2026\/03\/vSs6r-big.jpg","contentUrl":"https:\/\/seguridadsrl.com\/v2\/wp-content\/uploads\/2026\/03\/vSs6r-big.jpg","width":265,"height":265,"caption":"Cascos Saylens Magnun Arn\u00e9s simple | SAYLENS | Protecci\u00f3n Craneana"},{"@type":"BreadcrumbList","@id":"https:\/\/seguridadsrl.com\/v2\/product\/cascos-saylens-magnun-arnes-simple-20234am\/#breadcrumb","itemListElement":[{"@type":"ListItem","position":1,"name":"Inicio","item":"https:\/\/seguridadsrl.com\/v2\/"},{"@type":"ListItem","position":2,"name":"Productos","item":"https:\/\/seguridadsrl.com\/v2\/productos\/"},{"@type":"ListItem","position":3,"name":"Cascos Saylens Magnun Arn\u00e9s simple"}]},{"@type":"WebSite","@id":"https:\/\/seguridadsrl.com\/v2\/#website","url":"https:\/\/seguridadsrl.com\/v2\/","name":"Seguridad SRL - Elementos de seguridad industrial","description":"Elementos de Seguridad Industrial","publisher":{"@id":"https:\/\/seguridadsrl.com\/v2\/#organization"},"alternateName":"Elementos de seguridad industrial","potentialAction":[{"@type":"SearchAction","target":{"@type":"EntryPoint","urlTemplate":"https:\/\/seguridadsrl.com\/v2\/?s={search_term_string}"},"query-input":{"@type":"PropertyValueSpecification","valueRequired":true,"valueName":"search_term_string"}}],"inLanguage":"es-AR"},{"@type":"Organization","@id":"https:\/\/seguridadsrl.com\/v2\/#organization","name":"Seguridad SRL - Elementos de seguridad industrial","url":"https:\/\/seguridadsrl.com\/v2\/","logo":{"@type":"ImageObject","inLanguage":"es-AR","@id":"https:\/\/seguridadsrl.com\/v2\/#\/schema\/logo\/image\/","url":"https:\/\/seguridadsrl.com\/v2\/wp-content\/uploads\/2026\/03\/blanco.png","contentUrl":"https:\/\/seguridadsrl.com\/v2\/wp-content\/uploads\/2026\/03\/blanco.png","width":400,"height":68,"caption":"Seguridad SRL - Elementos de seguridad industrial"},"image":{"@id":"https:\/\/seguridadsrl.com\/v2\/#\/schema\/logo\/image\/"}}]}},"_links":{"self":[{"href":"https:\/\/seguridadsrl.com\/v2\/wp-json\/wp\/v2\/product\/6887","targetHints":{"allow":["GET"]}}],"collection":[{"href":"https:\/\/seguridadsrl.com\/v2\/wp-json\/wp\/v2\/product"}],"about":[{"href":"https:\/\/seguridadsrl.com\/v2\/wp-json\/wp\/v2\/types\/product"}],"wp:featuredmedia":[{"embeddable":true,"href":"https:\/\/seguridadsrl.com\/v2\/wp-json\/wp\/v2\/media\/6888"}],"wp:attachment":[{"href":"https:\/\/seguridadsrl.com\/v2\/wp-json\/wp\/v2\/media?parent=6887"}],"wp:term":[{"taxonomy":"product_brand","embeddable":true,"href":"https:\/\/seguridadsrl.com\/v2\/wp-json\/wp\/v2\/product_brand?post=6887"},{"taxonomy":"product_cat","embeddable":true,"href":"https:\/\/seguridadsrl.com\/v2\/wp-json\/wp\/v2\/product_cat?post=6887"},{"taxonomy":"product_tag","embeddable":true,"href":"https:\/\/seguridadsrl.com\/v2\/wp-json\/wp\/v2\/product_tag?post=6887"}],"curies":[{"name":"wp","href":"https:\/\/api.w.org\/{rel}","templated":true}]}}