{"id":6833,"date":"2026-03-27T10:04:38","date_gmt":"2026-03-27T13:04:38","guid":{"rendered":"https:\/\/seguridadsrl.com\/v2\/product\/respirador-3m-8515-8515\/"},"modified":"2026-03-27T11:52:18","modified_gmt":"2026-03-27T14:52:18","slug":"respirador-3m-8515-8515","status":"publish","type":"product","link":"https:\/\/seguridadsrl.com\/v2\/producto\/respirador-3m-8515-8515\/","title":{"rendered":"Respirador 3M 8515"},"content":{"rendered":"<p><strong>Respirador 3M 8515<\/strong> de <strong>3M<\/strong> es una propuesta destacada dentro de la categor\u00eda <strong>Protecci\u00f3n Respiratoria<\/strong>. Respirador 3M 8515 de 3M es una soluci\u00f3n orientada a empresas, industrias, talleres y usuarios que buscan calidad, confiabilidad y disponibilidad dentro de la l\u00ednea de protecci\u00f3n respiratoria. Ubicado en la subcategor\u00eda descartables, este producto est\u00e1 pensado para acompa\u00f1ar tareas cotidianas y exigentes donde la seguridad, la comodidad de uso y la correcta elecci\u00f3n del equipo marcan una diferencia real.<\/p>\n<p>Entre los datos m\u00e1s relevantes del producto se destacan los siguientes puntos:<\/p>\n<ul>\n<li>Respirador ideal para soldadura autogena corte y vaciado de metales, rectificado, pulido barrido ambolsado, u otros trabajos con calor o en los que se producen particulas libres de aceites<\/li>\n<\/ul>\n<p>Al evaluar <strong>Respirador 3M 8515<\/strong>, conviene considerar su aplicaci\u00f3n espec\u00edfica, el entorno de trabajo, la compatibilidad con otros elementos de seguridad y el nivel de exigencia de la tarea. En rubros industriales, log\u00edsticos, de mantenimiento, construcci\u00f3n y servicios, elegir correctamente un art\u00edculo de <strong>Protecci\u00f3n Respiratoria<\/strong> ayuda a mejorar la protecci\u00f3n, ordenar la operaci\u00f3n diaria y mantener un est\u00e1ndar profesional de compra.<\/p>\n","protected":false},"excerpt":{"rendered":"<p>Respirador ideal para soldadura autogena corte y vaciado de metales, rectificado, pulido barrido ambolsado, u otros trabajos con calor o en los que se producen particulas libres de aceites&nbsp;<\/p>\n","protected":false},"featured_media":6834,"template":"","meta":{"_joinchat":[]},"product_brand":[995],"product_cat":[914,913],"product_tag":[],"class_list":{"0":"post-6833","1":"product","2":"type-product","3":"status-publish","4":"has-post-thumbnail","6":"product_brand-3m","7":"product_cat-proteccion-respiratoria-descartables","8":"product_cat-proteccion-respiratoria","10":"first","11":"instock","12":"shipping-taxable","13":"product-type-simple"},"_links":{"self":[{"href":"https:\/\/seguridadsrl.com\/v2\/wp-json\/wp\/v2\/product\/6833","targetHints":{"allow":["GET"]}}],"collection":[{"href":"https:\/\/seguridadsrl.com\/v2\/wp-json\/wp\/v2\/product"}],"about":[{"href":"https:\/\/seguridadsrl.com\/v2\/wp-json\/wp\/v2\/types\/product"}],"wp:featuredmedia":[{"embeddable":true,"href":"https:\/\/seguridadsrl.com\/v2\/wp-json\/wp\/v2\/media\/6834"}],"wp:attachment":[{"href":"https:\/\/seguridadsrl.com\/v2\/wp-json\/wp\/v2\/media?parent=6833"}],"wp:term":[{"taxonomy":"product_brand","embeddable":true,"href":"https:\/\/seguridadsrl.com\/v2\/wp-json\/wp\/v2\/product_brand?post=6833"},{"taxonomy":"product_cat","embeddable":true,"href":"https:\/\/seguridadsrl.com\/v2\/wp-json\/wp\/v2\/product_cat?post=6833"},{"taxonomy":"product_tag","embeddable":true,"href":"https:\/\/seguridadsrl.com\/v2\/wp-json\/wp\/v2\/product_tag?post=6833"}],"curies":[{"name":"wp","href":"https:\/\/api.w.org\/{rel}","templated":true}]}}