{"id":6757,"date":"2026-03-27T10:03:54","date_gmt":"2026-03-27T13:03:54","guid":{"rendered":"https:\/\/seguridadsrl.com\/v2\/product\/arnes-completo-anticaidas-cr02-cr02\/"},"modified":"2026-03-27T11:52:06","modified_gmt":"2026-03-27T14:52:06","slug":"arnes-completo-anticaidas-cr02-cr02","status":"publish","type":"product","link":"https:\/\/seguridadsrl.com\/v2\/producto\/arnes-completo-anticaidas-cr02-cr02\/","title":{"rendered":"Arnes completo anticaidas CR02"},"content":{"rendered":"<p><strong>Arnes completo anticaidas CR02<\/strong> de <strong>CARAN<\/strong> es una propuesta destacada dentro de la categor\u00eda <strong>Protecci\u00f3n de Altura<\/strong>. Arnes completo anticaidas CR02 de CARAN es una soluci\u00f3n orientada a empresas, industrias, talleres y usuarios que buscan calidad, confiabilidad y disponibilidad dentro de la l\u00ednea de protecci\u00f3n de altura. Ubicado en la subcategor\u00eda arneses, este producto est\u00e1 pensado para acompa\u00f1ar tareas cotidianas y exigentes donde la seguridad, la comodidad de uso y la correcta elecci\u00f3n del equipo marcan una diferencia real.<\/p>\n<p>Entre los datos m\u00e1s relevantes del producto se destacan los siguientes puntos:<\/p>\n<ul>\n<li>Liviano, confortable, f\u00e1cil de colocar y totalmente regulable<\/li>\n<li>Formado por una banda de cintura con hebilla de inserci\u00f3n en el frente, y bandas en hombros y piernas totalmente regulables<\/li>\n<li>Industria en general<\/li>\n<li>Argollas &quot; D&quot; Dorsal antica\u00eddas o &quot; Punto de Enganche Dorsal&quot; donde se conecta alg\u00fan subsistema para detener y amortiguar las ca\u00eddas (Elementos de amarre Antica\u00eddas, Salvaca\u00eddas deslizantes y retr\u00e1ctiles, etc)<\/li>\n<li>El &quot; Punto de enganche Dorsal&quot; , es el encargado de distribuir uniformemente las cargas sobre las distintas zonas del cuerpo, en el momento de producirse la ca\u00edda<\/li>\n<li>Dos Argollas &quot; D&quot; laterales, permiten utilizar un Elemento de Amarre de Sujeci\u00f3n, que seg\u00fan la tarea a realizar, facilita la operaci\u00f3n de posicionamiento en el trabajo (manos libres)<\/li>\n<\/ul>\n<p>Al evaluar <strong>Arnes completo anticaidas CR02<\/strong>, conviene considerar su aplicaci\u00f3n espec\u00edfica, el entorno de trabajo, la compatibilidad con otros elementos de seguridad y el nivel de exigencia de la tarea. En rubros industriales, log\u00edsticos, de mantenimiento, construcci\u00f3n y servicios, elegir correctamente un art\u00edculo de <strong>Protecci\u00f3n de Altura<\/strong> ayuda a mejorar la protecci\u00f3n, ordenar la operaci\u00f3n diaria y mantener un est\u00e1ndar profesional de compra.<\/p>\n","protected":false},"excerpt":{"rendered":"<p><span style=\"font-size: xx-small\">&bull;<\/span><span style=\"font-size: x-small;font-family: Verdana, Arial, Helvetica, sans-serif\"> Liviano, confortable, f&aacute; cil de colocar y totalmente regulable. <br \/><\/span><span style=\"font-size: xx-small;font-family: Verdana, Arial, Helvetica, sans-serif\">&bull;<\/span><span style=\"font-size: x-small;font-family: Verdana, Arial, Helvetica, sans-serif\"><\/span><span style=\"font-size: x-small;font-family: Verdana, Arial, Helvetica, sans-serif\">Formado por una banda de cintura con hebilla de inserci&oacute; n en el frente, y bandas en hombros y piernas totalmente regulables.<br \/><\/span><span style=\"font-size: xx-small;font-family: Verdana, Arial, Helvetica, sans-serif\">&bull;<\/span><span style=\"font-size: x-small;font-family: Verdana, Arial, Helvetica, sans-serif\"><\/span><span style=\"font-size: x-small;font-family: Verdana, Arial, Helvetica, sans-serif\">Industria en general. <br \/><\/span><span style=\"font-size: xx-small;font-family: Verdana, Arial, Helvetica, sans-serif\">&bull;<\/span><span style=\"font-size: x-small;font-family: Verdana, Arial, Helvetica, sans-serif\"><\/span><span style=\"font-size: x-small;font-family: Verdana, Arial, Helvetica, sans-serif\">Argollas &#8220;D&#8221; Dorsal antica&iacute; das o &#8220;Punto de Enganche Dorsal&#8221; donde se conecta alg&uacute; n subsistema para detener y amortiguar las ca&iacute; das (Elementos de amarre Antica&iacute; das, Salvaca&iacute; das deslizantes y retr&aacute; ctiles, etc). <br \/><\/span><span style=\"font-size: xx-small;font-family: Verdana, Arial, Helvetica, sans-serif\">&bull;<\/span><span style=\"font-size: x-small;font-family: Verdana, Arial, Helvetica, sans-serif\"><\/span><span style=\"font-size: x-small;font-family: Verdana, Arial, Helvetica, sans-serif\">El &#8220;Punto de enganche Dorsal&#8221;, es el encargado de distribuir uniformemente las cargas sobre las distintas zonas del cuerpo, en el momento de producirse la ca&iacute; da. <br \/><\/span><span style=\"font-size: xx-small;font-family: Verdana, Arial, Helvetica, sans-serif\">&bull;<\/span><span style=\"font-size: x-small;font-family: Verdana, Arial, Helvetica, sans-serif\"><\/span><span style=\"font-size: x-small;font-family: Verdana, Arial, Helvetica, sans-serif\">Dos Argollas &#8220;D&#8221; laterales, permiten utilizar un Elemento de Amarre de Sujeci&oacute; n, que seg&uacute; n la tarea a realizar, facilita la operaci&oacute; n de posicionamiento en el trabajo (manos libres).<\/span><\/p>\n","protected":false},"featured_media":6758,"template":"","meta":{"_joinchat":[]},"product_brand":[998],"product_cat":[991,904],"product_tag":[],"class_list":{"0":"post-6757","1":"product","2":"type-product","3":"status-publish","4":"has-post-thumbnail","6":"product_brand-caran","7":"product_cat-arneses","8":"product_cat-proteccion-de-altura","10":"first","11":"instock","12":"shipping-taxable","13":"product-type-simple"},"_links":{"self":[{"href":"https:\/\/seguridadsrl.com\/v2\/wp-json\/wp\/v2\/product\/6757","targetHints":{"allow":["GET"]}}],"collection":[{"href":"https:\/\/seguridadsrl.com\/v2\/wp-json\/wp\/v2\/product"}],"about":[{"href":"https:\/\/seguridadsrl.com\/v2\/wp-json\/wp\/v2\/types\/product"}],"wp:featuredmedia":[{"embeddable":true,"href":"https:\/\/seguridadsrl.com\/v2\/wp-json\/wp\/v2\/media\/6758"}],"wp:attachment":[{"href":"https:\/\/seguridadsrl.com\/v2\/wp-json\/wp\/v2\/media?parent=6757"}],"wp:term":[{"taxonomy":"product_brand","embeddable":true,"href":"https:\/\/seguridadsrl.com\/v2\/wp-json\/wp\/v2\/product_brand?post=6757"},{"taxonomy":"product_cat","embeddable":true,"href":"https:\/\/seguridadsrl.com\/v2\/wp-json\/wp\/v2\/product_cat?post=6757"},{"taxonomy":"product_tag","embeddable":true,"href":"https:\/\/seguridadsrl.com\/v2\/wp-json\/wp\/v2\/product_tag?post=6757"}],"curies":[{"name":"wp","href":"https:\/\/api.w.org\/{rel}","templated":true}]}}